{"id":98,"date":"2025-07-10T23:11:28","date_gmt":"2025-07-10T23:11:28","guid":{"rendered":"https:\/\/bna.edu.mx\/facultadderecho\/?page_id=98"},"modified":"2025-09-29T23:46:00","modified_gmt":"2025-09-29T23:46:00","slug":"instalaciones","status":"publish","type":"page","link":"https:\/\/bna.edu.mx\/facultadderecho\/instalaciones\/","title":{"rendered":"Instalaciones"},"content":{"rendered":"<div id=\"cs-content\" class=\"cs-content\"><div class=\"x-section e98-e1 m2q-0 m2q-1 m2q-2\"><div class=\"x-row e98-e2 m2q-8 m2q-9 m2q-a m2q-e m2q-f\"><div class=\"x-row-inner\"><div class=\"x-col e98-e3 m2q-j m2q-k m2q-l\"><div class=\"x-frame x-frame-video-embed e98-e4 m2q-n m2q-o m2q-q\"><div class=\"x-frame-inner\"><div class=\"x-video x-video-embed\"><iframe width=\"560\" height=\"315\" src=\"https:\/\/www.youtube.com\/embed\/7eH0SvMPKaE?si=AGmOYRUjRpGlOOBA\" title=\"YouTube video player\" frameborder=\"0\" allow=\"accelerometer; autoplay; clipboard-write; encrypted-media; gyroscope; picture-in-picture; web-share\" referrerpolicy=\"strict-origin-when-cross-origin\" allowfullscreen><\/iframe><\/div><\/div><\/div><\/div><div class=\"x-col e98-e5 m2q-j m2q-k m2q-l\"><div class=\"x-text x-text-headline e98-e6 m2q-r m2q-s h-responsive h-custom-headline\"><div class=\"x-text-content\"><div class=\"x-text-content-text\"><h1 class=\"x-text-content-text-primary\"><span class=\"h-sup\">&iexcl;CONOCE LA BNA!<\/span><br \/>Contamos con instalaciones especializadas para que vivas y experimentes el Derecho<\/h1>\n<\/div><\/div><\/div><a class=\"x-anchor x-anchor-button e98-e7 m2q-v\" tabindex=\"0\" href=\"#contacto\"><div class=\"x-anchor-content\"><div class=\"x-anchor-text\"><span class=\"x-anchor-text-primary\">Quiero recibir m\u00e1s informaci\u00f3n<\/span><\/div><\/div><\/a><\/div><\/div><\/div><\/div><div class=\"x-section e98-e8 m2q-0 m2q-2 m2q-3 m2q-4\"><div class=\"x-bg\" aria-hidden=\"true\"><div class=\"x-bg-layer-lower-image\" data-x-element-bg-layer=\"{&quot;parallaxSize&quot;:&quot;150%&quot;,&quot;parallaxDir&quot;:&quot;v&quot;,&quot;parallaxRev&quot;:true}\"><\/div><div class=\"x-bg-layer-upper-color\"><\/div><\/div><div class=\"x-row e98-e9 m2q-8 m2q-a m2q-e m2q-g\"><div class=\"x-row-inner\"><div class=\"x-col e98-e10 m2q-j m2q-k m2q-l\"><div class=\"x-text x-text-headline e98-e11 m2q-r m2q-t m2q-u h-responsive h-custom-headline\"><div class=\"x-text-content\"><div class=\"x-text-content-text\"><h2 class=\"x-text-content-text-primary\"><span class=\"h-sup\">ESTUDIA EN UNA DE LAS<\/span><br \/>Mejores zonas de la Ciudad de M&eacute;xico<\/h2>\n<\/div><\/div><\/div><div class=\"x-text x-content e98-e12 m2q-w m2q-x\"><div class=\"elementor-element elementor-element-751f8046 elementor-widget elementor-widget-text-editor\" data-id=\"751f8046\" data-element_type=\"widget\" data-widget_type=\"text-editor.default\">\n<div class=\"elementor-widget-container\">\n<div class=\"elementor-element elementor-element-10203b10 elementor-widget elementor-widget-text-editor\" data-id=\"10203b10\" data-element_type=\"widget\" data-widget_type=\"text-editor.default\">\n<div class=\"elementor-widget-container\">\n<p>Vive la mejor experiencia universitaria, s&eacute; parte de la comunidad BNA!<\/p>\n<\/div>\n<\/div>\n<\/div>\n<\/div><\/div><\/div><\/div><\/div><\/div><div class=\"x-section e98-e13 m2q-0 m2q-5 m2q-6\"><div class=\"x-row e98-e14 m2q-a m2q-b m2q-c m2q-h\"><div class=\"x-row-inner\"><div class=\"x-col e98-e15 m2q-j m2q-k\"><div class=\"x-frame x-frame-map-embed e98-e16 m2q-n m2q-p\"><div class=\"x-frame-inner\"><div class=\"x-map x-map-embed\"><iframe src=\"https:\/\/www.google.com\/maps\/embed?pb=!1m18!1m12!1m3!1d3764.164433714846!2d-99.19859978858489!3d19.36203148182684!2m3!1f0!2f0!3f0!3m2!1i1024!2i768!4f13.1!3m3!1m2!1s0x85d2002239c963d1%3A0x30885007fd26ef55!2sBarra%20Nacional%20de%20Abogados!5e0!3m2!1ses-419!2smx!4v1753920925125!5m2!1ses-419!2smx\" width=\"600\" height=\"250\" style=\"border:0;\" allowfullscreen=\"\" loading=\"lazy\" referrerpolicy=\"no-referrer-when-downgrade\"><\/iframe><\/div><\/div><\/div><\/div><\/div><\/div><\/div><div class=\"x-section e98-e17 m2q-0 m2q-2 m2q-4 m2q-6 m2q-7\" id=\"contacto\"><div class=\"x-bg\" aria-hidden=\"true\"><div class=\"x-bg-layer-lower-image\" data-x-element-bg-layer=\"{&quot;parallaxSize&quot;:&quot;150%&quot;,&quot;parallaxDir&quot;:&quot;v&quot;,&quot;parallaxRev&quot;:false}\"><\/div><div class=\"x-bg-layer-upper-color\"><\/div><\/div><div class=\"x-row x-container max width e98-e18 m2q-a m2q-b m2q-d m2q-i\"><div class=\"x-row-inner\"><div class=\"x-col e98-e19 m2q-j m2q-m\"><span class=\"x-image e98-e20 m2q-z\"><img decoding=\"async\" src=\"https:\/\/bna.edu.mx\/bna-bco.svg\" width=\"267\" height=\"150\" alt=\"Image\"><\/span><div class=\"x-text x-content e98-e21 m2q-w m2q-y\"><span style=\"font-weight: 400;\">Llena nuestro formulario y un integrante de nuestro equipo de promoci\u00f3n se pondr\u00e1 en contacto contigo para brindarte toda la informaci\u00f3n que necesitas y resolver tus dudas.<\/span><\/div><div class=\"x-text x-text-headline e98-e22 m2q-r m2q-t h-responsive h-custom-headline\"><div class=\"x-text-content\"><div class=\"x-text-content-text\"><h2 class=\"x-text-content-text-primary\"><span class=\"h-sup\">BNA - Barra Nacional de Abogados<br \/><\/span><br \/>&iquest;Te Interesa Estudiar en la BNA?<\/h2>\n<\/div><\/div><\/div><\/div><div class=\"x-col e98-e23 m2q-j m2q-k\"><div class=\"x-form-integration x-form-integration-embed e98-e24 m2q-10\"><div class='fluentform ff-default fluentform_wrapper_3 ffs_custom_wrap'><form data-form_id=\"3\" id=\"fluentform_3\" class=\"frm-fluent-form fluent_form_3 ff-el-form-top ff_form_instance_3_1 ff-form-loading ff_has_dynamic_smartcode ffs_custom\" data-form_instance=\"ff_form_instance_3_1\" method=\"POST\" ><fieldset  style=\"border: none!important;margin: 0!important;padding: 0!important;background-color: transparent!important;box-shadow: none!important;outline: none!important; min-inline-size: 100%;\">\n                    <legend class=\"ff_screen_reader_title\" style=\"display: block; margin: 0!important;padding: 0!important;height: 0!important;text-indent: -999999px;width: 0!important;overflow:hidden;\">BNA - Barra Nacional de Abogados<\/legend><input type='hidden' name='__fluent_form_embded_post_id' value='98' \/><input type=\"hidden\" id=\"_fluentform_3_fluentformnonce\" name=\"_fluentform_3_fluentformnonce\" value=\"54ca4bb878\" \/><input type=\"hidden\" name=\"_wp_http_referer\" value=\"\/facultadderecho\/wp-json\/wp\/v2\/pages\/98\" \/><div data-type=\"name-element\" data-name=\"names\" class=\" ff-field_container ff-name-field-wrapper\" ><div class='ff-t-container'><div class='ff-t-cell '><div class='ff-el-group ff-el-form-top'><div class=\"ff-el-input--label ff-el-is-required asterisk-right\"><label for='ff_3_names_first_name_' id='label_ff_3_names_first_name_' >Nombre<\/label><\/div><div class='ff-el-input--content'><input type=\"text\" name=\"names[first_name]\" id=\"ff_3_names_first_name_\" class=\"ff-el-form-control\" placeholder=\"Nombre (s)\" aria-invalid=\"false\" aria-required=true><\/div><\/div><\/div><div class='ff-t-cell '><div class='ff-el-group ff-el-form-top'><div class=\"ff-el-input--label ff-el-is-required asterisk-right\"><label for='ff_3_names_last_name_' id='label_ff_3_names_last_name_' >Apellidos<\/label><\/div><div class='ff-el-input--content'><input type=\"text\" name=\"names[last_name]\" id=\"ff_3_names_last_name_\" class=\"ff-el-form-control\" placeholder=\"Apellidos\" aria-invalid=\"false\" aria-required=true><\/div><\/div><\/div><\/div><\/div><div data-name=\"ff_cn_id_1\"  class='ff-t-container ff-column-container ff_columns_total_2 '><div class='ff-t-cell ff-t-column-1' style='flex-basis: 50%;'><div class='ff-el-group'><div class=\"ff-el-input--label ff-el-is-required asterisk-right\"><label for='ff_3_phone' id='label_ff_3_phone' aria-label=\"Celular\">Celular<\/label><\/div><div class='ff-el-input--content'><input name=\"phone\" class=\"ff-el-form-control ff-el-phone ff_el_with_extended_validation\" type=\"tel\" placeholder=\"Celular\" data-name=\"phone\" id=\"ff_3_phone\" inputmode=\"tel\"  aria-invalid='false' aria-required=true><\/div><\/div><\/div><div class='ff-t-cell ff-t-column-2' style='flex-basis: 50%;'><div class='ff-el-group'><div class=\"ff-el-input--label ff-el-is-required asterisk-right\"><label for='ff_3_email' id='label_ff_3_email' aria-label=\"Correo electr\u00f3nico\">Correo electr\u00f3nico<\/label><\/div><div class='ff-el-input--content'><input type=\"email\" name=\"email\" id=\"ff_3_email\" class=\"ff-el-form-control\" placeholder=\"Email\" data-name=\"email\"  aria-invalid=\"false\" aria-required=true><\/div><\/div><\/div><\/div><div class='ff-el-group'><div class=\"ff-el-input--label ff-el-is-required asterisk-right\"><label for='ff_3_dropdown' id='label_ff_3_dropdown' aria-label=\"Elige el programa de tu inter\u00e9s\">Elige el programa de tu inter\u00e9s<\/label><\/div><div class='ff-el-input--content'><select name=\"dropdown\" id=\"ff_3_dropdown\" class=\"ff-el-form-control  ff_has_multi_select\" data-name=\"dropdown\" data-calc_value=\"0\"  aria-invalid=\"false\" aria-required=\"true\" aria-labelledby=\"label_ff_3_dropdown\"><option value=\"Licenciatura en Derecho\"  >Licenciatura en Derecho<\/option><option value=\"Seminarios Pr\u00e1cticos\"  >Seminarios Pr\u00e1cticos<\/option><option value=\"Especialidad en la Ense\u00f1anza del Derecho\"  >Especialidad en la Ense\u00f1anza del Derecho<\/option><option value=\"Maestr\u00eda en Derecho Administrativo y Fiscal\"  >Maestr\u00eda en Derecho Administrativo y Fiscal<\/option><option value=\"Maestr\u00eda en Ciencias Penales y Criminal\u00edstica\"  >Maestr\u00eda en Ciencias Penales y Criminal\u00edstica<\/option><option value=\"Maestr\u00eda en Derecho Constitucional y Amparo\"  >Maestr\u00eda en Derecho Constitucional y Amparo<\/option><option value=\"Maestr\u00eda en Derecho Laboral y de la Seguridad Social\"  >Maestr\u00eda en Derecho Laboral y de la Seguridad Social<\/option><option value=\"Maestr\u00eda en Derecho Corporativo y Empresarial\"  >Maestr\u00eda en Derecho Corporativo y Empresarial<\/option><option value=\"Maestr\u00eda en Administraci\u00f3n y Direcci\u00f3n de Pymes\"  >Maestr\u00eda en Administraci\u00f3n y Direcci\u00f3n de Pymes<\/option><option value=\"Doctorado en Derecho\"  >Doctorado en Derecho<\/option><option value=\"Diplomados\"  >Diplomados<\/option><\/select><\/div><\/div><div class='ff-el-group  ff_list_3col'><div class=\"ff-el-input--label ff-el-is-required asterisk-right\"><label   aria-label=\"Per\u00edodo de inicio\">Per\u00edodo de inicio<\/label><\/div><div class='ff-el-input--content'><div class='ff-el-form-check ff-el-form-check-'><label class='ff-el-form-check-label'><input  type=\"radio\" name=\"input_radio\" data-name=\"input_radio\" class=\"ff-el-form-check-input ff-el-form-check-radio\" value=\"Enero\"  id='input_radio_00a1f6c46399941003db4b48547f363b' aria-label='Enero' aria-invalid='false' aria-required=true> <span>Enero<\/span><\/label><\/div><div class='ff-el-form-check ff-el-form-check-'><label class='ff-el-form-check-label'><input  type=\"radio\" name=\"input_radio\" data-name=\"input_radio\" class=\"ff-el-form-check-input ff-el-form-check-radio\" value=\"Mayo\"  id='input_radio_4560de481b5bd33f974134007b851183' aria-label='Mayo' aria-invalid='false' aria-required=true> <span>Mayo<\/span><\/label><\/div><div class='ff-el-form-check ff-el-form-check-'><label class='ff-el-form-check-label'><input  type=\"radio\" name=\"input_radio\" data-name=\"input_radio\" class=\"ff-el-form-check-input ff-el-form-check-radio\" value=\"Septiembre\"  id='input_radio_675cea8d58cdbbb1c8284b401d28b16d' aria-label='Septiembre' aria-invalid='false' aria-required=true> <span>Septiembre<\/span><\/label><\/div><\/div><\/div><div class='ff-el-group  ff-custom_html' tabindex='-1' data-name=\"custom_html-3_1\" ><p><span style=\"color: #ffffff\">Barra Nacional de Abogados se compromete a proteger y respetar tu privacidad, y solo usaremos tu informaci\u00f3n personal para administrar tu cuenta y proporcionar los productos y servicios que nos solicitaste. De vez en cuando, nos gustar\u00eda ponernos en contacto contigo acerca de nuestros productos y servicios, as\u00ed como sobre otros contenidos que puedan interesarte. Si aceptas que nos comuniquemos contigo para este fin, marca la casilla a continuaci\u00f3n para indicar c\u00f3mo deseas que nos comuniquemos:<\/span><\/p><\/div><div class='ff-el-group    ff-el-input--content'><div class='ff-el-form-check ff-el-tc'><label aria-label='Acepto recibir otras comunicaciones de Barra Nacional de Abogados.' class='ff-el-form-check-label ff_tc_label' for=optin_b19effdd097ae6f3d846b05eea21b728><span class='ff_tc_checkbox'><input type=\"checkbox\" name=\"optin\" class=\"ff-el-form-check-input\" data-name=\"optin\" id=\"optin_b19effdd097ae6f3d846b05eea21b728\"  value='on' aria-invalid='false' aria-required=true><\/span> <div class='ff_t_c'><p>Acepto recibir otras comunicaciones de Barra Nacional de Abogados.<\/p><\/div><\/label><\/div><\/div><div class='ff-el-group  ff-custom_html' tabindex='-1' data-name=\"custom_html-3_2\" ><div class=\"hs-richtext\">\n<div class=\"hs-richtext\"><span style=\"color: #ffffff\"><span class=\"ff_dynamic_value\" data-ref=\"NAME\" data-fallback=\"\"><\/span> Puedes darte de baja de estas comunicaciones en cualquier momento. Para obtener m\u00e1s informaci\u00f3n sobre c\u00f3mo darte de baja, nuestras pr\u00e1cticas de privacidad y c\u00f3mo nos comprometemos a proteger y respetar tu privacidad, consulta nuestra Pol\u00edtica de privacidad.<\/span><\/div>\n<div class=\"hs-richtext\"><span style=\"color: #ffffff\">Al hacer clic en Enviar, aceptas que Barra Nacional de Abogados almacene y procese la informaci\u00f3n personal suministrada arriba para proporcionarte el contenido solicitado.<\/span><\/div>\n<\/div><\/div><div class='ff-el-group ff-text-left ff_submit_btn_wrapper'><button type=\"submit\" class=\"ff-btn ff-btn-submit ff-btn-md ff_btn_style\"  aria-label=\"Enviar\">Enviar<\/button><\/div><\/fieldset><\/form><div id='fluentform_3_errors' class='ff-errors-in-stack ff_form_instance_3_1 ff-form-loading_errors ff_form_instance_3_1_errors'><\/div><\/div>            <script type=\"text\/javascript\">\n                window.fluent_form_ff_form_instance_3_1 = {\"id\":\"3\",\"settings\":{\"layout\":{\"labelPlacement\":\"top\",\"asteriskPlacement\":\"asterisk-right\",\"helpMessagePlacement\":\"with_label\",\"errorMessagePlacement\":\"inline\",\"cssClassName\":\"\"},\"restrictions\":{\"denyEmptySubmission\":{\"enabled\":false}}},\"form_instance\":\"ff_form_instance_3_1\",\"form_id_selector\":\"fluentform_3\",\"rules\":{\"names[first_name]\":{\"required\":{\"value\":true,\"message\":\"Este campo es obligatorio\",\"global_message\":\"Este campo es obligatorio\",\"global\":true}},\"names[middle_name]\":{\"required\":{\"value\":false,\"message\":\"Este campo es obligatorio\",\"global_message\":\"Este campo es obligatorio\",\"global\":true}},\"names[last_name]\":{\"required\":{\"value\":true,\"message\":\"Este campo es obligatorio\",\"global_message\":\"Este campo es obligatorio\",\"global\":true}},\"phone\":{\"required\":{\"value\":true,\"global\":true,\"message\":\"Este campo es obligatorio\",\"global_message\":\"Este campo es obligatorio\"},\"valid_phone_number\":{\"value\":true,\"global\":true,\"message\":\"El n\\u00famero de tel\\u00e9fono no es v\\u00e1lido \",\"global_message\":\"El n\\u00famero de tel\\u00e9fono no es v\\u00e1lido \"}},\"email\":{\"required\":{\"value\":true,\"message\":\"Este campo es obligatorio\",\"global_message\":\"Este campo es obligatorio\",\"global\":true},\"email\":{\"value\":true,\"message\":\"Este campo debe contener un correo electr\\u00f3nico v\\u00e1lido\",\"global_message\":\"Este campo debe contener un correo electr\\u00f3nico v\\u00e1lido\",\"global\":true}},\"dropdown\":{\"required\":{\"value\":true,\"message\":\"Este campo es obligatorio\",\"global_message\":\"Este campo es obligatorio\",\"global\":true}},\"input_radio\":{\"required\":{\"value\":true,\"message\":\"Este campo es obligatorio\",\"global_message\":\"Este campo es obligatorio\",\"global\":true}},\"optin\":{\"required\":{\"value\":true,\"message\":\"Este campo es obligatorio\",\"global_message\":\"Este campo es obligatorio\",\"global\":true}}},\"debounce_time\":300};\n                            <\/script>\n            <\/div><\/div><\/div><\/div><\/div><\/div>","protected":false},"excerpt":{"rendered":"<p>&iexcl;CONOCE LA BNA!Contamos con instalaciones especializadas para que vivas y experimentes el Derecho Quiero recibir m\u00e1s informaci\u00f3nESTUDIA EN UNA DE LASMejores zonas de la Ciudad de M&eacute;xico Vive la mejor experiencia universitaria, s&eacute; parte de la comunidad BNA! Llena nuestro formulario y un integrante de nuestro equipo de promoci\u00f3n se pondr\u00e1 en contacto contigo para brindarte toda la informaci\u00f3n que &#8230; <a href=\"https:\/\/bna.edu.mx\/facultadderecho\/instalaciones\/\" class=\"more-link\">Read More<\/a><\/p>\n","protected":false},"author":2,"featured_media":0,"parent":0,"menu_order":0,"comment_status":"closed","ping_status":"closed","template":"template-blank-4.php","meta":{"footnotes":""},"class_list":["post-98","page","type-page","status-publish","hentry","no-post-thumbnail"],"_links":{"self":[{"href":"https:\/\/bna.edu.mx\/facultadderecho\/wp-json\/wp\/v2\/pages\/98","targetHints":{"allow":["GET"]}}],"collection":[{"href":"https:\/\/bna.edu.mx\/facultadderecho\/wp-json\/wp\/v2\/pages"}],"about":[{"href":"https:\/\/bna.edu.mx\/facultadderecho\/wp-json\/wp\/v2\/types\/page"}],"author":[{"embeddable":true,"href":"https:\/\/bna.edu.mx\/facultadderecho\/wp-json\/wp\/v2\/users\/2"}],"replies":[{"embeddable":true,"href":"https:\/\/bna.edu.mx\/facultadderecho\/wp-json\/wp\/v2\/comments?post=98"}],"version-history":[{"count":8,"href":"https:\/\/bna.edu.mx\/facultadderecho\/wp-json\/wp\/v2\/pages\/98\/revisions"}],"predecessor-version":[{"id":468,"href":"https:\/\/bna.edu.mx\/facultadderecho\/wp-json\/wp\/v2\/pages\/98\/revisions\/468"}],"wp:attachment":[{"href":"https:\/\/bna.edu.mx\/facultadderecho\/wp-json\/wp\/v2\/media?parent=98"}],"curies":[{"name":"wp","href":"https:\/\/api.w.org\/{rel}","templated":true}]}}